{"id":984,"date":"2025-08-04T16:33:35","date_gmt":"2025-08-04T14:33:35","guid":{"rendered":"https:\/\/www.cantinadusciacchetra.it\/?page_id=984"},"modified":"2025-08-04T16:41:32","modified_gmt":"2025-08-04T14:41:32","slug":"chi-siamo","status":"publish","type":"page","link":"https:\/\/www.cantinadusciacchetra.it\/index.php\/chi-siamo\/","title":{"rendered":"Chi siamo"},"content":{"rendered":"\t\t<div data-elementor-type=\"wp-post\" data-elementor-id=\"984\" class=\"elementor elementor-984\">\n\t\t\t\t\t\t\t\t\t<section class=\"elementor-section elementor-top-section elementor-element elementor-element-61720ff1 elementor-section-content-middle elementor-section-boxed elementor-section-height-default elementor-section-height-default\" data-id=\"61720ff1\" data-element_type=\"section\" data-settings=\"{&quot;background_background&quot;:&quot;classic&quot;}\">\n\t\t\t\t\t\t\t<div class=\"elementor-background-overlay\"><\/div>\n\t\t\t\t\t\t\t<div class=\"elementor-container elementor-column-gap-no\">\n\t\t\t\t\t<div class=\"elementor-column elementor-col-100 elementor-top-column elementor-element elementor-element-5f40600d\" data-id=\"5f40600d\" data-element_type=\"column\">\n\t\t\t<div class=\"elementor-widget-wrap elementor-element-populated\">\n\t\t\t\t\t\t\t\t<div class=\"elementor-element elementor-element-657f6e33 elementor-widget elementor-widget-heading\" data-id=\"657f6e33\" data-element_type=\"widget\" data-widget_type=\"heading.default\">\n\t\t\t\t<div class=\"elementor-widget-container\">\n\t\t\t<style>\/*! elementor - v3.6.6 - 08-06-2022 *\/\n.elementor-heading-title{padding:0;margin:0;line-height:1}.elementor-widget-heading .elementor-heading-title[class*=elementor-size-]>a{color:inherit;font-size:inherit;line-height:inherit}.elementor-widget-heading .elementor-heading-title.elementor-size-small{font-size:15px}.elementor-widget-heading .elementor-heading-title.elementor-size-medium{font-size:19px}.elementor-widget-heading .elementor-heading-title.elementor-size-large{font-size:29px}.elementor-widget-heading .elementor-heading-title.elementor-size-xl{font-size:39px}.elementor-widget-heading .elementor-heading-title.elementor-size-xxl{font-size:59px}<\/style><h1 class=\"elementor-heading-title elementor-size-default\">Cantina du Sciacchetr\u00e0<\/h1>\t\t<\/div>\n\t\t\t\t<\/div>\n\t\t\t\t<div class=\"elementor-element elementor-element-5a2d4d35 elementor-widget elementor-widget-text-editor\" data-id=\"5a2d4d35\" data-element_type=\"widget\" data-widget_type=\"text-editor.default\">\n\t\t\t\t<div class=\"elementor-widget-container\">\n\t\t\t<style>\/*! elementor - v3.6.6 - 08-06-2022 *\/\n.elementor-widget-text-editor.elementor-drop-cap-view-stacked .elementor-drop-cap{background-color:#818a91;color:#fff}.elementor-widget-text-editor.elementor-drop-cap-view-framed .elementor-drop-cap{color:#818a91;border:3px solid;background-color:transparent}.elementor-widget-text-editor:not(.elementor-drop-cap-view-default) .elementor-drop-cap{margin-top:8px}.elementor-widget-text-editor:not(.elementor-drop-cap-view-default) .elementor-drop-cap-letter{width:1em;height:1em}.elementor-widget-text-editor .elementor-drop-cap{float:left;text-align:center;line-height:1;font-size:50px}.elementor-widget-text-editor .elementor-drop-cap-letter{display:inline-block}<\/style>\t\t\t\tDa sempre scegliamo i migliori prodotti locali per riscoprire gli antichi sapori della nostra terra.\t\t\t\t\t\t<\/div>\n\t\t\t\t<\/div>\n\t\t\t\t\t<\/div>\n\t\t<\/div>\n\t\t\t\t\t\t\t<\/div>\n\t\t<\/section>\n\t\t\t\t<section class=\"elementor-section elementor-top-section elementor-element elementor-element-6cee9f0e elementor-section-boxed elementor-section-height-default elementor-section-height-default\" data-id=\"6cee9f0e\" data-element_type=\"section\" data-settings=\"{&quot;background_background&quot;:&quot;classic&quot;}\">\n\t\t\t\t\t\t<div class=\"elementor-container elementor-column-gap-no\">\n\t\t\t\t\t<div class=\"elementor-column elementor-col-66 elementor-top-column elementor-element elementor-element-4f32b513\" data-id=\"4f32b513\" data-element_type=\"column\">\n\t\t\t<div class=\"elementor-widget-wrap elementor-element-populated\">\n\t\t\t\t\t\t\t\t<div class=\"elementor-element elementor-element-9e3c444 elementor-widget elementor-widget-heading\" data-id=\"9e3c444\" data-element_type=\"widget\" data-widget_type=\"heading.default\">\n\t\t\t\t<div class=\"elementor-widget-container\">\n\t\t\t<h3 class=\"elementor-heading-title elementor-size-default\">Il sapore della genuinit\u00e0 e della tradizione<\/h3>\t\t<\/div>\n\t\t\t\t<\/div>\n\t\t\t\t<div class=\"elementor-element elementor-element-55faf33 elementor-widget elementor-widget-text-editor\" data-id=\"55faf33\" data-element_type=\"widget\" data-widget_type=\"text-editor.default\">\n\t\t\t\t<div class=\"elementor-widget-container\">\n\t\t\t\t\t\t\t<p>Ritrova il sapore della <strong>genuinit\u00e0<\/strong> e della <strong>tradizion<\/strong>e dei prodotti tipici locali delle <strong>Cinque Terre<\/strong> e della <strong>Liguria<\/strong>. La cantina \u00e8 piccola ma al suo interno accoglie un vasto assortimento di prodotti alimentari e specialit\u00e0 tipiche della zona. Tra i prodotti locali \u00e8 possibile assaggiare e acquistare pesto ligure, salse, <strong>vini delle Cinque Terre<\/strong>, liquori, sciacchetr\u00e1, mirto, grappe, miele, biscotti, pasta, marmellate e confetture locali.<\/p>\t\t\t\t\t\t<\/div>\n\t\t\t\t<\/div>\n\t\t\t\t<div class=\"elementor-element elementor-element-fb67b76 elementor-widget elementor-widget-button\" data-id=\"fb67b76\" data-element_type=\"widget\" data-widget_type=\"button.default\">\n\t\t\t\t<div class=\"elementor-widget-container\">\n\t\t\t\t\t<div class=\"elementor-button-wrapper\">\n\t\t\t<a href=\"\/index.php\/prodotti\" class=\"elementor-button-link elementor-button elementor-size-sm\" role=\"button\">\n\t\t\t\t\t\t<span class=\"elementor-button-content-wrapper\">\n\t\t\t\t\t\t\t<span class=\"elementor-button-icon elementor-align-icon-right\">\n\t\t\t\t<i aria-hidden=\"true\" class=\"fas fa-long-arrow-alt-right\"><\/i>\t\t\t<\/span>\n\t\t\t\t\t\t<span class=\"elementor-button-text\">Vedi i prodotti<\/span>\n\t\t<\/span>\n\t\t\t\t\t<\/a>\n\t\t<\/div>\n\t\t\t\t<\/div>\n\t\t\t\t<\/div>\n\t\t\t\t\t<\/div>\n\t\t<\/div>\n\t\t\t\t<div class=\"elementor-column elementor-col-33 elementor-top-column elementor-element elementor-element-36d7fe12\" data-id=\"36d7fe12\" data-element_type=\"column\" data-settings=\"{&quot;background_background&quot;:&quot;classic&quot;}\">\n\t\t\t<div class=\"elementor-widget-wrap elementor-element-populated\">\n\t\t\t\t\t\t\t\t<div class=\"elementor-element elementor-element-5758da47 elementor-widget elementor-widget-image\" data-id=\"5758da47\" data-element_type=\"widget\" data-widget_type=\"image.default\">\n\t\t\t\t<div class=\"elementor-widget-container\">\n\t\t\t<style>\/*! elementor - v3.6.6 - 08-06-2022 *\/\n.elementor-widget-image{text-align:center}.elementor-widget-image a{display:inline-block}.elementor-widget-image a img[src$=\".svg\"]{width:48px}.elementor-widget-image img{vertical-align:middle;display:inline-block}<\/style>\t\t\t\t\t\t\t\t\t\t\t\t<img loading=\"lazy\" decoding=\"async\" width=\"640\" height=\"804\" src=\"https:\/\/www.cantinadusciacchetra.it\/wp-content\/uploads\/2022\/06\/insegna.webp\" class=\"attachment-large size-large\" alt=\"\" srcset=\"https:\/\/www.cantinadusciacchetra.it\/wp-content\/uploads\/2022\/06\/insegna.webp 640w, https:\/\/www.cantinadusciacchetra.it\/wp-content\/uploads\/2022\/06\/insegna-239x300.webp 239w\" sizes=\"auto, (max-width: 640px) 100vw, 640px\" \/>\t\t\t\t\t\t\t\t\t\t\t\t\t\t\t<\/div>\n\t\t\t\t<\/div>\n\t\t\t\t\t<\/div>\n\t\t<\/div>\n\t\t\t\t\t\t\t<\/div>\n\t\t<\/section>\n\t\t\t\t<section class=\"elementor-section elementor-top-section elementor-element elementor-element-50fa356f elementor-section-content-middle elementor-section-boxed elementor-section-height-default elementor-section-height-default\" data-id=\"50fa356f\" data-element_type=\"section\" data-settings=\"{&quot;background_background&quot;:&quot;classic&quot;}\">\n\t\t\t\t\t\t\t<div class=\"elementor-background-overlay\"><\/div>\n\t\t\t\t\t\t\t<div class=\"elementor-container elementor-column-gap-no\">\n\t\t\t\t\t<div class=\"elementor-column elementor-col-100 elementor-top-column elementor-element elementor-element-6a7bc239\" data-id=\"6a7bc239\" data-element_type=\"column\">\n\t\t\t<div class=\"elementor-widget-wrap elementor-element-populated\">\n\t\t\t\t\t\t\t\t<div class=\"elementor-element elementor-element-68a42568 elementor-widget elementor-widget-heading\" data-id=\"68a42568\" data-element_type=\"widget\" data-widget_type=\"heading.default\">\n\t\t\t\t<div class=\"elementor-widget-container\">\n\t\t\t<h3 class=\"elementor-heading-title elementor-size-default\">Nel cuore delle Cinque Terre<\/h3>\t\t<\/div>\n\t\t\t\t<\/div>\n\t\t\t\t<div class=\"elementor-element elementor-element-11cf680 elementor-widget elementor-widget-heading\" data-id=\"11cf680\" data-element_type=\"widget\" data-widget_type=\"heading.default\">\n\t\t\t\t<div class=\"elementor-widget-container\">\n\t\t\t<h5 class=\"elementor-heading-title elementor-size-default\">Selezioniamo solo prodotti di qualit\u00e0<\/h5>\t\t<\/div>\n\t\t\t\t<\/div>\n\t\t\t\t<div class=\"elementor-element elementor-element-5f3af60f elementor-widget elementor-widget-text-editor\" data-id=\"5f3af60f\" data-element_type=\"widget\" data-widget_type=\"text-editor.default\">\n\t\t\t\t<div class=\"elementor-widget-container\">\n\t\t\t\t\t\t\t<p>Le <strong>Cinque Terre<\/strong>: cinque borghi marinari arroccati sulla scogliera, <strong>vino, olio ed agrumi<\/strong> sono il prezioso dono concesso da una terra arida ma generosa nella qualit\u00e0 dei suoi prodotti.<\/p><p>Grazie alla passione e all\u2019amore per il nostro lavoro, abbiamo imparato a condurre le persone in un <strong>viaggio alla scoperta dei sapori<\/strong> di questa nostra terra: un percorso lungo le strade delle Cinque Terre e della sua gastronomia, per scoprire quanto di meglio essa possa offrire.<\/p>\t\t\t\t\t\t<\/div>\n\t\t\t\t<\/div>\n\t\t\t\t<section class=\"elementor-section elementor-inner-section elementor-element elementor-element-35a8f22f elementor-section-boxed elementor-section-height-default elementor-section-height-default\" data-id=\"35a8f22f\" data-element_type=\"section\">\n\t\t\t\t\t\t<div class=\"elementor-container elementor-column-gap-no\">\n\t\t\t\t\t<div class=\"elementor-column elementor-col-100 elementor-inner-column elementor-element elementor-element-3663d943\" data-id=\"3663d943\" data-element_type=\"column\">\n\t\t\t<div class=\"elementor-widget-wrap elementor-element-populated\">\n\t\t\t\t\t\t\t\t<div class=\"elementor-element elementor-element-d727179 gallery-spacing-custom elementor-widget elementor-widget-image-gallery\" data-id=\"d727179\" data-element_type=\"widget\" data-widget_type=\"image-gallery.default\">\n\t\t\t\t<div class=\"elementor-widget-container\">\n\t\t\t<style>\/*! elementor - v3.6.6 - 08-06-2022 *\/\n.elementor-image-gallery .gallery-item{display:inline-block;text-align:center;vertical-align:top;width:100%;max-width:100%;margin:0 auto}.elementor-image-gallery .gallery-item img{margin:0 auto}.elementor-image-gallery .gallery-item .gallery-caption{margin:0}.elementor-image-gallery figure img{display:block}.elementor-image-gallery figure figcaption{width:100%}.gallery-spacing-custom .elementor-image-gallery .gallery-icon{padding:0}@media (min-width:768px){.elementor-image-gallery .gallery-columns-2 .gallery-item{max-width:50%}.elementor-image-gallery .gallery-columns-3 .gallery-item{max-width:33.33%}.elementor-image-gallery .gallery-columns-4 .gallery-item{max-width:25%}.elementor-image-gallery .gallery-columns-5 .gallery-item{max-width:20%}.elementor-image-gallery .gallery-columns-6 .gallery-item{max-width:16.666%}.elementor-image-gallery .gallery-columns-7 .gallery-item{max-width:14.28%}.elementor-image-gallery .gallery-columns-8 .gallery-item{max-width:12.5%}.elementor-image-gallery .gallery-columns-9 .gallery-item{max-width:11.11%}.elementor-image-gallery .gallery-columns-10 .gallery-item{max-width:10%}}@media (min-width:480px) and (max-width:767px){.elementor-image-gallery .gallery.gallery-columns-2 .gallery-item,.elementor-image-gallery .gallery.gallery-columns-3 .gallery-item,.elementor-image-gallery .gallery.gallery-columns-4 .gallery-item,.elementor-image-gallery .gallery.gallery-columns-5 .gallery-item,.elementor-image-gallery .gallery.gallery-columns-6 .gallery-item,.elementor-image-gallery .gallery.gallery-columns-7 .gallery-item,.elementor-image-gallery .gallery.gallery-columns-8 .gallery-item,.elementor-image-gallery .gallery.gallery-columns-9 .gallery-item,.elementor-image-gallery .gallery.gallery-columns-10 .gallery-item{max-width:50%}}@media (max-width:479px){.elementor-image-gallery .gallery.gallery-columns-2 .gallery-item,.elementor-image-gallery .gallery.gallery-columns-3 .gallery-item,.elementor-image-gallery .gallery.gallery-columns-4 .gallery-item,.elementor-image-gallery .gallery.gallery-columns-5 .gallery-item,.elementor-image-gallery .gallery.gallery-columns-6 .gallery-item,.elementor-image-gallery .gallery.gallery-columns-7 .gallery-item,.elementor-image-gallery .gallery.gallery-columns-8 .gallery-item,.elementor-image-gallery .gallery.gallery-columns-9 .gallery-item,.elementor-image-gallery .gallery.gallery-columns-10 .gallery-item{max-width:100%}}<\/style>\t\t<div class=\"elementor-image-gallery\">\n\t\t\t<div id='gallery-1' class='gallery galleryid-984 gallery-columns-4 gallery-size-full'><figure class='gallery-item'>\n\t\t\t<div class='gallery-icon landscape'>\n\t\t\t\t<img loading=\"lazy\" decoding=\"async\" width=\"1000\" height=\"1000\" src=\"https:\/\/www.cantinadusciacchetra.it\/wp-content\/uploads\/2022\/06\/01.webp\" class=\"attachment-full size-full\" alt=\"\" srcset=\"https:\/\/www.cantinadusciacchetra.it\/wp-content\/uploads\/2022\/06\/01.webp 1000w, https:\/\/www.cantinadusciacchetra.it\/wp-content\/uploads\/2022\/06\/01-300x300.webp 300w, https:\/\/www.cantinadusciacchetra.it\/wp-content\/uploads\/2022\/06\/01-150x150.webp 150w, https:\/\/www.cantinadusciacchetra.it\/wp-content\/uploads\/2022\/06\/01-768x768.webp 768w\" sizes=\"auto, (max-width: 1000px) 100vw, 1000px\" \/>\n\t\t\t<\/div><\/figure><figure class='gallery-item'>\n\t\t\t<div class='gallery-icon landscape'>\n\t\t\t\t<img loading=\"lazy\" decoding=\"async\" width=\"1000\" height=\"1000\" src=\"https:\/\/www.cantinadusciacchetra.it\/wp-content\/uploads\/2022\/06\/2.webp\" class=\"attachment-full size-full\" alt=\"\" srcset=\"https:\/\/www.cantinadusciacchetra.it\/wp-content\/uploads\/2022\/06\/2.webp 1000w, https:\/\/www.cantinadusciacchetra.it\/wp-content\/uploads\/2022\/06\/2-300x300.webp 300w, https:\/\/www.cantinadusciacchetra.it\/wp-content\/uploads\/2022\/06\/2-150x150.webp 150w, https:\/\/www.cantinadusciacchetra.it\/wp-content\/uploads\/2022\/06\/2-768x768.webp 768w\" sizes=\"auto, (max-width: 1000px) 100vw, 1000px\" \/>\n\t\t\t<\/div><\/figure><figure class='gallery-item'>\n\t\t\t<div class='gallery-icon landscape'>\n\t\t\t\t<img loading=\"lazy\" decoding=\"async\" width=\"1000\" height=\"1000\" src=\"https:\/\/www.cantinadusciacchetra.it\/wp-content\/uploads\/2022\/06\/4.webp\" class=\"attachment-full size-full\" alt=\"\" srcset=\"https:\/\/www.cantinadusciacchetra.it\/wp-content\/uploads\/2022\/06\/4.webp 1000w, https:\/\/www.cantinadusciacchetra.it\/wp-content\/uploads\/2022\/06\/4-300x300.webp 300w, https:\/\/www.cantinadusciacchetra.it\/wp-content\/uploads\/2022\/06\/4-150x150.webp 150w, https:\/\/www.cantinadusciacchetra.it\/wp-content\/uploads\/2022\/06\/4-768x768.webp 768w\" sizes=\"auto, (max-width: 1000px) 100vw, 1000px\" \/>\n\t\t\t<\/div><\/figure><figure class='gallery-item'>\n\t\t\t<div class='gallery-icon landscape'>\n\t\t\t\t<img loading=\"lazy\" decoding=\"async\" width=\"1000\" height=\"1000\" src=\"https:\/\/www.cantinadusciacchetra.it\/wp-content\/uploads\/2022\/06\/3.webp\" class=\"attachment-full size-full\" alt=\"\" srcset=\"https:\/\/www.cantinadusciacchetra.it\/wp-content\/uploads\/2022\/06\/3.webp 1000w, https:\/\/www.cantinadusciacchetra.it\/wp-content\/uploads\/2022\/06\/3-300x300.webp 300w, https:\/\/www.cantinadusciacchetra.it\/wp-content\/uploads\/2022\/06\/3-150x150.webp 150w, https:\/\/www.cantinadusciacchetra.it\/wp-content\/uploads\/2022\/06\/3-768x768.webp 768w\" sizes=\"auto, (max-width: 1000px) 100vw, 1000px\" \/>\n\t\t\t<\/div><\/figure><figure class='gallery-item'>\n\t\t\t<div class='gallery-icon landscape'>\n\t\t\t\t<img loading=\"lazy\" decoding=\"async\" width=\"1000\" height=\"1000\" src=\"https:\/\/www.cantinadusciacchetra.it\/wp-content\/uploads\/2022\/06\/5.webp\" class=\"attachment-full size-full\" alt=\"\" srcset=\"https:\/\/www.cantinadusciacchetra.it\/wp-content\/uploads\/2022\/06\/5.webp 1000w, https:\/\/www.cantinadusciacchetra.it\/wp-content\/uploads\/2022\/06\/5-300x300.webp 300w, https:\/\/www.cantinadusciacchetra.it\/wp-content\/uploads\/2022\/06\/5-150x150.webp 150w, https:\/\/www.cantinadusciacchetra.it\/wp-content\/uploads\/2022\/06\/5-768x768.webp 768w\" sizes=\"auto, (max-width: 1000px) 100vw, 1000px\" \/>\n\t\t\t<\/div><\/figure><figure class='gallery-item'>\n\t\t\t<div class='gallery-icon landscape'>\n\t\t\t\t<img loading=\"lazy\" decoding=\"async\" width=\"1000\" height=\"1000\" src=\"https:\/\/www.cantinadusciacchetra.it\/wp-content\/uploads\/2022\/06\/8.webp\" class=\"attachment-full size-full\" alt=\"\" srcset=\"https:\/\/www.cantinadusciacchetra.it\/wp-content\/uploads\/2022\/06\/8.webp 1000w, https:\/\/www.cantinadusciacchetra.it\/wp-content\/uploads\/2022\/06\/8-300x300.webp 300w, https:\/\/www.cantinadusciacchetra.it\/wp-content\/uploads\/2022\/06\/8-150x150.webp 150w, https:\/\/www.cantinadusciacchetra.it\/wp-content\/uploads\/2022\/06\/8-768x768.webp 768w\" sizes=\"auto, (max-width: 1000px) 100vw, 1000px\" \/>\n\t\t\t<\/div><\/figure><figure class='gallery-item'>\n\t\t\t<div class='gallery-icon landscape'>\n\t\t\t\t<img loading=\"lazy\" decoding=\"async\" width=\"1000\" height=\"1000\" src=\"https:\/\/www.cantinadusciacchetra.it\/wp-content\/uploads\/2022\/06\/9.webp\" class=\"attachment-full size-full\" alt=\"\" srcset=\"https:\/\/www.cantinadusciacchetra.it\/wp-content\/uploads\/2022\/06\/9.webp 1000w, https:\/\/www.cantinadusciacchetra.it\/wp-content\/uploads\/2022\/06\/9-300x300.webp 300w, https:\/\/www.cantinadusciacchetra.it\/wp-content\/uploads\/2022\/06\/9-150x150.webp 150w, https:\/\/www.cantinadusciacchetra.it\/wp-content\/uploads\/2022\/06\/9-768x768.webp 768w\" sizes=\"auto, (max-width: 1000px) 100vw, 1000px\" \/>\n\t\t\t<\/div><\/figure><figure class='gallery-item'>\n\t\t\t<div class='gallery-icon landscape'>\n\t\t\t\t<img loading=\"lazy\" decoding=\"async\" width=\"1000\" height=\"1000\" src=\"https:\/\/www.cantinadusciacchetra.it\/wp-content\/uploads\/2022\/06\/7.webp\" class=\"attachment-full size-full\" alt=\"\" srcset=\"https:\/\/www.cantinadusciacchetra.it\/wp-content\/uploads\/2022\/06\/7.webp 1000w, https:\/\/www.cantinadusciacchetra.it\/wp-content\/uploads\/2022\/06\/7-300x300.webp 300w, https:\/\/www.cantinadusciacchetra.it\/wp-content\/uploads\/2022\/06\/7-150x150.webp 150w, https:\/\/www.cantinadusciacchetra.it\/wp-content\/uploads\/2022\/06\/7-768x768.webp 768w\" sizes=\"auto, (max-width: 1000px) 100vw, 1000px\" \/>\n\t\t\t<\/div><\/figure><figure class='gallery-item'>\n\t\t\t<div class='gallery-icon portrait'>\n\t\t\t\t<img loading=\"lazy\" decoding=\"async\" width=\"1536\" height=\"2048\" src=\"https:\/\/www.cantinadusciacchetra.it\/wp-content\/uploads\/2025\/08\/Immagine-WhatsApp-2025-07-08-ore-17.37.01_2ffa344b.jpg\" class=\"attachment-full size-full\" alt=\"\" srcset=\"https:\/\/www.cantinadusciacchetra.it\/wp-content\/uploads\/2025\/08\/Immagine-WhatsApp-2025-07-08-ore-17.37.01_2ffa344b.jpg 1536w, https:\/\/www.cantinadusciacchetra.it\/wp-content\/uploads\/2025\/08\/Immagine-WhatsApp-2025-07-08-ore-17.37.01_2ffa344b-225x300.jpg 225w, https:\/\/www.cantinadusciacchetra.it\/wp-content\/uploads\/2025\/08\/Immagine-WhatsApp-2025-07-08-ore-17.37.01_2ffa344b-768x1024.jpg 768w, https:\/\/www.cantinadusciacchetra.it\/wp-content\/uploads\/2025\/08\/Immagine-WhatsApp-2025-07-08-ore-17.37.01_2ffa344b-1152x1536.jpg 1152w\" sizes=\"auto, (max-width: 1536px) 100vw, 1536px\" \/>\n\t\t\t<\/div><\/figure><figure class='gallery-item'>\n\t\t\t<div class='gallery-icon portrait'>\n\t\t\t\t<img loading=\"lazy\" decoding=\"async\" width=\"1536\" height=\"2048\" src=\"https:\/\/www.cantinadusciacchetra.it\/wp-content\/uploads\/2025\/08\/Immagine-WhatsApp-2025-07-08-ore-17.37.01_cbba29d3.jpg\" class=\"attachment-full size-full\" alt=\"\" srcset=\"https:\/\/www.cantinadusciacchetra.it\/wp-content\/uploads\/2025\/08\/Immagine-WhatsApp-2025-07-08-ore-17.37.01_cbba29d3.jpg 1536w, https:\/\/www.cantinadusciacchetra.it\/wp-content\/uploads\/2025\/08\/Immagine-WhatsApp-2025-07-08-ore-17.37.01_cbba29d3-225x300.jpg 225w, https:\/\/www.cantinadusciacchetra.it\/wp-content\/uploads\/2025\/08\/Immagine-WhatsApp-2025-07-08-ore-17.37.01_cbba29d3-768x1024.jpg 768w, https:\/\/www.cantinadusciacchetra.it\/wp-content\/uploads\/2025\/08\/Immagine-WhatsApp-2025-07-08-ore-17.37.01_cbba29d3-1152x1536.jpg 1152w\" sizes=\"auto, (max-width: 1536px) 100vw, 1536px\" \/>\n\t\t\t<\/div><\/figure><figure class='gallery-item'>\n\t\t\t<div class='gallery-icon portrait'>\n\t\t\t\t<img loading=\"lazy\" decoding=\"async\" width=\"1536\" height=\"2048\" src=\"https:\/\/www.cantinadusciacchetra.it\/wp-content\/uploads\/2025\/08\/Immagine-WhatsApp-2025-07-08-ore-17.37.01_db6ca3f2.jpg\" class=\"attachment-full size-full\" alt=\"\" srcset=\"https:\/\/www.cantinadusciacchetra.it\/wp-content\/uploads\/2025\/08\/Immagine-WhatsApp-2025-07-08-ore-17.37.01_db6ca3f2.jpg 1536w, https:\/\/www.cantinadusciacchetra.it\/wp-content\/uploads\/2025\/08\/Immagine-WhatsApp-2025-07-08-ore-17.37.01_db6ca3f2-225x300.jpg 225w, https:\/\/www.cantinadusciacchetra.it\/wp-content\/uploads\/2025\/08\/Immagine-WhatsApp-2025-07-08-ore-17.37.01_db6ca3f2-768x1024.jpg 768w, https:\/\/www.cantinadusciacchetra.it\/wp-content\/uploads\/2025\/08\/Immagine-WhatsApp-2025-07-08-ore-17.37.01_db6ca3f2-1152x1536.jpg 1152w\" sizes=\"auto, (max-width: 1536px) 100vw, 1536px\" \/>\n\t\t\t<\/div><\/figure><figure class='gallery-item'>\n\t\t\t<div class='gallery-icon portrait'>\n\t\t\t\t<img loading=\"lazy\" decoding=\"async\" width=\"1536\" height=\"2048\" src=\"https:\/\/www.cantinadusciacchetra.it\/wp-content\/uploads\/2025\/08\/Immagine-WhatsApp-2025-07-08-ore-17.37.02_09534ffd.jpg\" class=\"attachment-full size-full\" alt=\"\" srcset=\"https:\/\/www.cantinadusciacchetra.it\/wp-content\/uploads\/2025\/08\/Immagine-WhatsApp-2025-07-08-ore-17.37.02_09534ffd.jpg 1536w, https:\/\/www.cantinadusciacchetra.it\/wp-content\/uploads\/2025\/08\/Immagine-WhatsApp-2025-07-08-ore-17.37.02_09534ffd-225x300.jpg 225w, https:\/\/www.cantinadusciacchetra.it\/wp-content\/uploads\/2025\/08\/Immagine-WhatsApp-2025-07-08-ore-17.37.02_09534ffd-768x1024.jpg 768w, https:\/\/www.cantinadusciacchetra.it\/wp-content\/uploads\/2025\/08\/Immagine-WhatsApp-2025-07-08-ore-17.37.02_09534ffd-1152x1536.jpg 1152w\" sizes=\"auto, (max-width: 1536px) 100vw, 1536px\" \/>\n\t\t\t<\/div><\/figure>\n\t\t<\/div>\n\t\t<\/div>\n\t\t\t\t<\/div>\n\t\t\t\t<\/div>\n\t\t\t\t\t<\/div>\n\t\t<\/div>\n\t\t\t\t\t\t\t<\/div>\n\t\t<\/section>\n\t\t\t\t\t<\/div>\n\t\t<\/div>\n\t\t\t\t\t\t\t<\/div>\n\t\t<\/section>\n\t\t\t\t\t\t\t<\/div>\n\t\t","protected":false},"excerpt":{"rendered":"<p>Cantina du Sciacchetr\u00e0 Da sempre scegliamo i migliori prodotti locali per riscoprire gli antichi sapori della nostra terra. Il sapore della genuinit\u00e0 e della tradizione Ritrova il sapore della genuinit\u00e0 e della tradizione dei prodotti tipici locali delle Cinque Terre e della Liguria. La cantina \u00e8 piccola ma al suo interno accoglie un vasto assortimento &hellip;<\/p>\n<p class=\"read-more\"> <a class=\"\" href=\"https:\/\/www.cantinadusciacchetra.it\/index.php\/chi-siamo\/\"> <span class=\"screen-reader-text\">Chi siamo<\/span> Leggi altro &raquo;<\/a><\/p>\n","protected":false},"author":1,"featured_media":0,"parent":0,"menu_order":0,"comment_status":"closed","ping_status":"closed","template":"","meta":{"site-sidebar-layout":"no-sidebar","site-content-layout":"page-builder","ast-global-header-display":"","ast-main-header-display":"","ast-hfb-above-header-display":"","ast-hfb-below-header-display":"","ast-hfb-mobile-header-display":"","site-post-title":"disabled","ast-breadcrumbs-content":"","ast-featured-img":"disabled","footer-sml-layout":"","theme-transparent-header-meta":"enabled","adv-header-id-meta":"","stick-header-meta":"","header-above-stick-meta":"","header-main-stick-meta":"","header-below-stick-meta":"","footnotes":""},"class_list":["post-984","page","type-page","status-publish","hentry"],"_links":{"self":[{"href":"https:\/\/www.cantinadusciacchetra.it\/index.php\/wp-json\/wp\/v2\/pages\/984","targetHints":{"allow":["GET"]}}],"collection":[{"href":"https:\/\/www.cantinadusciacchetra.it\/index.php\/wp-json\/wp\/v2\/pages"}],"about":[{"href":"https:\/\/www.cantinadusciacchetra.it\/index.php\/wp-json\/wp\/v2\/types\/page"}],"author":[{"embeddable":true,"href":"https:\/\/www.cantinadusciacchetra.it\/index.php\/wp-json\/wp\/v2\/users\/1"}],"replies":[{"embeddable":true,"href":"https:\/\/www.cantinadusciacchetra.it\/index.php\/wp-json\/wp\/v2\/comments?post=984"}],"version-history":[{"count":3,"href":"https:\/\/www.cantinadusciacchetra.it\/index.php\/wp-json\/wp\/v2\/pages\/984\/revisions"}],"predecessor-version":[{"id":998,"href":"https:\/\/www.cantinadusciacchetra.it\/index.php\/wp-json\/wp\/v2\/pages\/984\/revisions\/998"}],"wp:attachment":[{"href":"https:\/\/www.cantinadusciacchetra.it\/index.php\/wp-json\/wp\/v2\/media?parent=984"}],"curies":[{"name":"wp","href":"https:\/\/api.w.org\/{rel}","templated":true}]}}