{"id":3,"date":"2022-06-09T11:05:36","date_gmt":"2022-06-09T09:05:36","guid":{"rendered":"https:\/\/www.cantinadusciacchetra.it\/?page_id=3"},"modified":"2025-08-07T15:43:39","modified_gmt":"2025-08-07T13:43:39","slug":"privacy-policy","status":"publish","type":"page","link":"https:\/\/www.cantinadusciacchetra.it\/index.php\/privacy-policy\/","title":{"rendered":"Privacy Policy"},"content":{"rendered":"\t\t<div data-elementor-type=\"wp-page\" data-elementor-id=\"3\" class=\"elementor elementor-3\">\n\t\t\t\t\t\t\t\t\t<section class=\"elementor-section elementor-top-section elementor-element elementor-element-1f315de1 elementor-section-boxed elementor-section-height-default elementor-section-height-default\" data-id=\"1f315de1\" data-element_type=\"section\">\n\t\t\t\t\t\t<div class=\"elementor-container elementor-column-gap-default\">\n\t\t\t\t\t<div class=\"elementor-column elementor-col-100 elementor-top-column elementor-element elementor-element-52eed57f\" data-id=\"52eed57f\" data-element_type=\"column\">\n\t\t\t<div class=\"elementor-widget-wrap elementor-element-populated\">\n\t\t\t\t\t\t\t\t<div class=\"elementor-element elementor-element-77d27616 elementor-widget elementor-widget-text-editor\" data-id=\"77d27616\" data-element_type=\"widget\" data-widget_type=\"text-editor.default\">\n\t\t\t\t<div class=\"elementor-widget-container\">\n\t\t\t<style>\/*! elementor - v3.6.6 - 08-06-2022 *\/\n.elementor-widget-text-editor.elementor-drop-cap-view-stacked .elementor-drop-cap{background-color:#818a91;color:#fff}.elementor-widget-text-editor.elementor-drop-cap-view-framed .elementor-drop-cap{color:#818a91;border:3px solid;background-color:transparent}.elementor-widget-text-editor:not(.elementor-drop-cap-view-default) .elementor-drop-cap{margin-top:8px}.elementor-widget-text-editor:not(.elementor-drop-cap-view-default) .elementor-drop-cap-letter{width:1em;height:1em}.elementor-widget-text-editor .elementor-drop-cap{float:left;text-align:center;line-height:1;font-size:50px}.elementor-widget-text-editor .elementor-drop-cap-letter{display:inline-block}<\/style>\t\t\t\t<h2 style=\"text-align: justify;\"><strong>Politica sulla Privacy \u2013 Utilizzo dei Dati Personali<\/strong><\/h2>\n<h4 style=\"text-align: justify;\"><strong>Informativa sul trattamento dei dati personali<\/strong><\/h4>\n<p style=\"text-align: justify;\">Gentile utente, ai sensi dell\u2019art. 13 del Regolamento (UE) 2016\/679 sulla protezione delle persone fisiche con riguardo al trattamento dei dati personali nonch\u00e9 alla libera circolazione di tali dati, la scrivente ditta Cantina du Sciacchetr\u00e0 , in qualit\u00e0 di titolare del trattamento dei dati che derivano dall\u2019interazione con i servizi web accessibili per via telematica a partire dall\u2019indirizzo cantinadusciacchetra.it, desidera informarla circa il trattamento dei suoi dati personali e la invita ad autorizzare il trattamento dei suoi dati per le finalit\u00e0 descritte esprimendo volontariamente e liberamente il suo consenso ai trattamenti dei dati. L\u2019informativa \u00e8 resa solo per il sito del titolare e non anche per altri siti web eventualmente consultati dall\u2019utente tramite link.<\/p>\n<h4 style=\"text-align: justify;\"><strong>1 \u2013 Titolare del trattamento <\/strong><\/h4>\n<p style=\"text-align: justify;\">Cantina du Sciacchetr\u00e0 legale rappresentante Maurizio Vicari &#8211; Via Roma, 5\/719016 Monterosso al Mare (SP)<br>E-mail: <a href=\"cantinadusciacchetra@gmail.com\">cantinadusciacchetra@y<\/a>ahoo.it<\/p>\n<h4 style=\"text-align: justify;\"><strong>2 \u2013 Modalit\u00e0 di trattamento<\/strong><\/h4>\n<p style=\"text-align: justify;\">I suoi dati saranno trattati presso la sede del Titolare in forma verbale e\/o scritta, con strumenti elettronici e\/o su supporti cartacei, nei modi e nei limiti necessari per perseguire le finalit\u00e0 riportate, nel rispetto dei principi di cui all\u2019art. 5 par.1 del Regolamento UE 2016\/679, ovvero:<\/p>\n<ul style=\"text-align: justify;\">\n<li>Liceit\u00e0, correttezza e trasparenza<\/li>\n<li>Limitazione delle finalit\u00e0<\/li>\n<li>Minimizzazione dei dati raccolti<\/li>\n<li>Esattezza dei dati<\/li>\n<li>Limitazione della conservazione<\/li>\n<li>Integrit\u00e0 e riservatezza<\/li>\n<li>Responsabilizzazione del Titolare.<\/li>\n<\/ul>\n<p style=\"text-align: justify;\">I trattamenti effettuati riguardano i seguenti dati e finalit\u00e0:<\/p>\n<ul style=\"text-align: justify;\">\n<li>Dati di navigazione. I sistemi informatici e le procedure software preposte al funzionamento di questo sito web acquisiscono, nel corso del loro normale esercizio, alcuni dati personali la cui trasmissione \u00e8 implicita nell\u2019uso dei protocolli di comunicazione di Internet.<br>Si tratta di informazioni che non sono raccolte per essere associate a interessati identificati, ma che per loro stessa natura potrebbero, attraverso elaborazioni ed associazioni con dati detenuti da terzi, permettere di identificare gli utenti.<br>In questa categoria di dati rientrano gli indirizzi IP o i nomi a dominio dei computer utilizzati dagli utenti che si connettono al sito, gli indirizzi in notazione URI (Uniform Resource Identifier) delle risorse richieste, l\u2019orario della richiesta, il metodo utilizzato nel sottoporre la richiesta al server, la dimensione del file ottenuto in risposta, il codice numerico indicante lo stato della risposta data dal server (buon fine, errore, ecc.) ed altri parametri relativi al sistema operativo e all\u2019ambiente informatico dell\u2019utente.<br>Questi dati vengono utilizzati al solo fine di ricavare informazioni statistiche anonime sull\u2019uso del sito, per la registrazione degli accessi al sito e per controllarne il corretto funzionamento. I dati potrebbero essere utilizzati per l\u2019accertamento di responsabilit\u00e0 in caso di ipotetici reati informatici ai danni del sito: salva questa eventualit\u00e0, allo stato i dati sui contatti web non persistono per pi\u00f9 di sette giorni.<\/li>\n<li>Dati personali forniti volontariamente dall\u2019utente (es. nome, cognome, indirizzo mail) finalizzati a soddisfare una specifica richiesta dell\u2019utente utilizzando i servizi prestati dal sito internet. Il conferimento \u00e8 facoltativo e volontario, ma necessario per rispondere alla richiesta e affinch\u00e9 l\u2019utente riceva la prestazione. L\u2019utente \u00e8 libero di fornire i dati personali riportati nei moduli di richiesta per sollecitare l\u2019invio mensile o al pi\u00f9 ogni 15 giorni della newsletter, di materiale informativo o di altre comunicazioni di natura tecnica e\/o commerciale (es. nuovi prodotti o servizi, partecipazione ad eventi fieristici). Il loro mancato o incompleto conferimento pu\u00f2 comportare l\u2019impossibilit\u00e0 di ottenere quanto richiesto.<br>I dati personali sono trattati per il tempo strettamente necessario a conseguire gli scopi per cui sono stati raccolti o comunque fintanto che sussiste il consenso. Il trattamento sar\u00e0 svolto esclusivamente da personale dipendente incaricato e autorizzato nell\u2019ambito delle rispettive funzioni e in conformit\u00e0 alle istruzioni ricevute dal Titolare, sempre e soltanto per le finalit\u00e0 sopra esposte, per garantire la sicurezza dei dati e la riservatezza e la tutela dei suoi diritti. Tali dati non sono oggetto di trasferimento verso paesi extra UE o organizzazioni internazionali. I dati potranno essere comunicati, per quanto di loro competenza nello svolgimento di incarichi per conto del Titolare, a soggetti esterni Responsabili del trattamento, pubblici e privati, persone fisiche e\/o giuridiche.<br>Il trattamento dei dati non contempla un processo decisionale automatizzato inclusa la profilazione.<\/li>\n<li>Dati personali (es. nome, cognome, coordinate bancarie) finalizzati alla redazione e conclusione dei contratti di vendita, all\u2019esecuzione degli stessi, incluso lo svolgimento di attivit\u00e0 tecniche-operative e amministrativo-contabili connesse e funzionali all\u2019attivit\u00e0 lavorativa, in adempimento al contratto e agli obblighi di legge in materia fiscale. Il conferimento dei dati \u00e8 obbligatorio per l\u2019esecuzione del contratto e per obblighi di legge, pena l\u2019impossibilit\u00e0 di effettuare la prestazione e adempiere correttamente alla normativa fiscale\/amministrativa in vigore. Il trattamento sar\u00e0 svolto esclusivamente da personale dipendente incaricato e autorizzato nell\u2019ambito delle rispettive funzioni e in conformit\u00e0 alle istruzioni ricevute dal Titolare, sempre e soltanto per le finalit\u00e0 sopra esposte, per garantire la sicurezza dei dati e la riservatezza e la tutela dei suoi diritti.<br>I dati dovranno o potranno essere comunicati, per quanto di loro specifica competenza nello svolgimento di incarichi per conto del Titolare, a soggetti pubblici e privati esterni alla struttura del Titolare, compresi fornitori, collaboratori, avvocati, commercialisti, consulenti del lavoro, consulenti in genere, istituti di credito, enti pubblici e uffici competenti, che abbiano autorit\u00e0 a richiederli. Tali dati non sono oggetto di trasferimento verso paesi extra UE o organizzazioni internazionali.<br>I dati verranno conservati per tutta la durata dei rapporti instaurati e comunque per un arco di tempo non superiore al conseguimento delle finalit\u00e0 suddette per le quali sono trattati. I dati di contabilit\u00e0\/amministrazione previsti ai fini fiscali (scritture contabili) sono conservati per legge (Codice Civile) per almeno 10 anni dalla data dell\u2019ultima registrazione o fino a quando non siano stati conclusi eventuali accertamenti fiscali degli enti preposti relativi al corrispondente periodo di imposta oggetto di verifica (art. 22, comma 2, D.P.R. n. 600\/1973).Il trattamento dei suoi dati non contempla un processo decisionale automatizzato inclusa la profilazione.<\/li>\n<\/ul>\n<h4 style=\"text-align: justify;\"><strong>3 \u2013 Diritti dell\u2019interessato<\/strong><\/h4>\n<p style=\"text-align: justify;\">Il Regolamento le conferisce, in qualit\u00e0 di interessato, l\u2019esercizio di specifici diritti, elencati agli artt. da 15 a 22. Lei pu\u00f2 pertanto chiedere al titolare del trattamento:<\/p>\n<ul style=\"text-align: justify;\">\n<li>l\u2019accesso ai dati personali (art. 15): ottenere la conferma dell\u2019esistenza o meno di un trattamento di propri dati personali e potervi accedere;<\/li>\n<li>la rettifica dei dati (art. 16): ottenere la rettifica dei dati inesatti e l\u2019integrazione dei dati incompleti;<\/li>\n<li>la cancellazione dei dati \u2013 \u201coblio\u201d (art. 17);<\/li>\n<li>la limitazione del trattamento (art. 18);<\/li>\n<li>la portabilit\u00e0 dei dati (art. 20): ricevere i dati forniti al titolare e poterli trasmettere senza impedimenti ad un altro titolare;<\/li>\n<li>di opporsi al trattamento (art. 21);<\/li>\n<li>di non essere sottoposto a una decisione basata unicamente sul trattamento automatizzato che produca effetti giuridici o che incida sulla sua persona (art. 22).<\/li>\n<\/ul>\n<p style=\"text-align: justify;\">Inoltre le sono riconosciuti i diritti di:<\/p>\n<ul style=\"text-align: justify;\">\n<li>proporre reclamo al Garante per la protezione dei dati;<\/li>\n<li>revocare il proprio consenso in qualsiasi momento, senza che questo pregiudichi la liceit\u00e0 del trattamento effettuato fino a quel momento (art. 7, comma 3). Il diritto di revoca non pu\u00f2 concernere i casi in cui il trattamento sia necessario per adempiere un obbligo legale al quale \u00e8 soggetto il titolare del trattamento.<\/li>\n<\/ul>\n<p style=\"text-align: justify;\">Potr\u00e0 esercitare in qualsiasi momento e gratuitamente i diritti di cui sopra, rivolgendosi al titolare del trattamento dei dati Cantina du Sciacchetr\u00e0 all\u2019indirizzo mail <a href=\"mailto:cantinadusciacchetra@gmail.com\">cantinadusciacchetra@gmail.com<\/a><\/p>\n<p style=\"text-align: justify;\">In caso di violazione dei dati personali ritenuta idonea a presentare un rischio elevato per i suoi diritti e le sue libert\u00e0, sar\u00e0 opportunamente avvertito senza ingiustificato ritardo, in accordo all\u2019art. 34 del Regolamento.<\/p>\t\t\t\t\t\t<\/div>\n\t\t\t\t<\/div>\n\t\t\t\t\t<\/div>\n\t\t<\/div>\n\t\t\t\t\t\t\t<\/div>\n\t\t<\/section>\n\t\t\t\t\t\t\t<\/div>\n\t\t","protected":false},"excerpt":{"rendered":"<p>Politica sulla Privacy \u2013 Utilizzo dei Dati Personali Informativa sul trattamento dei dati personali Gentile utente, ai sensi dell\u2019art. 13 del Regolamento (UE) 2016\/679 sulla protezione delle persone fisiche con riguardo al trattamento dei dati personali nonch\u00e9 alla libera circolazione di tali dati, la scrivente ditta Cantina du Sciacchetr\u00e0 , in qualit\u00e0 di titolare del &hellip;<\/p>\n<p class=\"read-more\"> <a class=\"\" href=\"https:\/\/www.cantinadusciacchetra.it\/index.php\/privacy-policy\/\"> <span class=\"screen-reader-text\">Privacy Policy<\/span> Leggi altro &raquo;<\/a><\/p>\n","protected":false},"author":1,"featured_media":0,"parent":0,"menu_order":0,"comment_status":"closed","ping_status":"open","template":"","meta":{"site-sidebar-layout":"default","site-content-layout":"default","ast-global-header-display":"","ast-main-header-display":"","ast-hfb-above-header-display":"","ast-hfb-below-header-display":"","ast-hfb-mobile-header-display":"","site-post-title":"","ast-breadcrumbs-content":"","ast-featured-img":"","footer-sml-layout":"","theme-transparent-header-meta":"","adv-header-id-meta":"","stick-header-meta":"","header-above-stick-meta":"","header-main-stick-meta":"","header-below-stick-meta":"","footnotes":""},"class_list":["post-3","page","type-page","status-publish","hentry"],"_links":{"self":[{"href":"https:\/\/www.cantinadusciacchetra.it\/index.php\/wp-json\/wp\/v2\/pages\/3","targetHints":{"allow":["GET"]}}],"collection":[{"href":"https:\/\/www.cantinadusciacchetra.it\/index.php\/wp-json\/wp\/v2\/pages"}],"about":[{"href":"https:\/\/www.cantinadusciacchetra.it\/index.php\/wp-json\/wp\/v2\/types\/page"}],"author":[{"embeddable":true,"href":"https:\/\/www.cantinadusciacchetra.it\/index.php\/wp-json\/wp\/v2\/users\/1"}],"replies":[{"embeddable":true,"href":"https:\/\/www.cantinadusciacchetra.it\/index.php\/wp-json\/wp\/v2\/comments?post=3"}],"version-history":[{"count":3,"href":"https:\/\/www.cantinadusciacchetra.it\/index.php\/wp-json\/wp\/v2\/pages\/3\/revisions"}],"predecessor-version":[{"id":1012,"href":"https:\/\/www.cantinadusciacchetra.it\/index.php\/wp-json\/wp\/v2\/pages\/3\/revisions\/1012"}],"wp:attachment":[{"href":"https:\/\/www.cantinadusciacchetra.it\/index.php\/wp-json\/wp\/v2\/media?parent=3"}],"curies":[{"name":"wp","href":"https:\/\/api.w.org\/{rel}","templated":true}]}}